{"id":34825,"date":"2022-01-11T08:44:04","date_gmt":"2022-03-09T07:52:51","guid":{"rendered":"https:\/\/www.terminalserviceplus.eu\/product\/remotesupport\/"},"modified":"2026-03-19T10:18:09","modified_gmt":"2026-03-19T10:18:09","slug":"remotesupport-2","status":"publish","type":"product","link":"https:\/\/www.terminalserviceplus.eu\/es\/shop\/remote-support-es\/remotesupport-2\/","title":{"rendered":"TSplus Remote Support"},"content":{"rendered":"<p>La Mejor Alternativa a TeamViewer para Control Remoto de Escritorio y Compartir Pantalla. Proporciona Asistencia Remota Asistida o Desasistida al instante a tus equipos o clientes en cualquier lugar y en cualquier momento. <\/p>\n","protected":false},"excerpt":{"rendered":"<p>Los agentes y los usuarios finales pueden empezar r\u00e1pidamente, simplemente descargando y ejecutando un peque\u00f1o programa. A continuaci\u00f3n, el usuario final comparte su ID y contrase\u00f1a con el agente y la conexi\u00f3n se establece r\u00e1pidamente.<br \/>\nNuestros servidores se encargan de todo el trabajo pesado.<br \/>\nLos agentes de soporte pueden incluso crear una versi\u00f3n simplificada y con su marca del programa cliente de conexi\u00f3n para sus clientes. Adem\u00e1s de a\u00f1adir su propia marca corporativa, el cliente de conexi\u00f3n del usuario final puede simplificarse, facilitando que los usuarios finales reciban asistencia r\u00e1pidamente.  <\/p>\n","protected":false},"featured_media":854,"template":"","meta":{"_acf_changed":false},"product_brand":[],"product_cat":[76],"product_tag":[],"class_list":{"0":"post-34825","1":"product","2":"type-product","3":"status-publish","4":"has-post-thumbnail","6":"product_cat-remote-support-es","8":"first","9":"instock","10":"taxable","11":"shipping-taxable","12":"purchasable","13":"product-type-simple"},"acf":[],"_links":{"self":[{"href":"https:\/\/www.terminalserviceplus.eu\/es\/wp-json\/wp\/v2\/product\/34825","targetHints":{"allow":["GET"]}}],"collection":[{"href":"https:\/\/www.terminalserviceplus.eu\/es\/wp-json\/wp\/v2\/product"}],"about":[{"href":"https:\/\/www.terminalserviceplus.eu\/es\/wp-json\/wp\/v2\/types\/product"}],"wp:featuredmedia":[{"embeddable":true,"href":"https:\/\/www.terminalserviceplus.eu\/es\/wp-json\/wp\/v2\/media\/854"}],"wp:attachment":[{"href":"https:\/\/www.terminalserviceplus.eu\/es\/wp-json\/wp\/v2\/media?parent=34825"}],"wp:term":[{"taxonomy":"product_brand","embeddable":true,"href":"https:\/\/www.terminalserviceplus.eu\/es\/wp-json\/wp\/v2\/product_brand?post=34825"},{"taxonomy":"product_cat","embeddable":true,"href":"https:\/\/www.terminalserviceplus.eu\/es\/wp-json\/wp\/v2\/product_cat?post=34825"},{"taxonomy":"product_tag","embeddable":true,"href":"https:\/\/www.terminalserviceplus.eu\/es\/wp-json\/wp\/v2\/product_tag?post=34825"}],"curies":[{"name":"wp","href":"https:\/\/api.w.org\/{rel}","templated":true}]}}