{"id":1227,"date":"2022-03-15T10:54:55","date_gmt":"2022-03-15T10:54:55","guid":{"rendered":"https:\/\/wordpress.terminalserviceplus.eu\/?page_id=1227"},"modified":"2022-09-29T14:58:54","modified_gmt":"2022-09-29T14:58:54","slug":"chi-siamo","status":"publish","type":"page","link":"https:\/\/www.terminalserviceplus.eu\/it\/chi-siamo\/","title":{"rendered":"Chi siamo"},"content":{"rendered":"<p><div class=\"fusion-fullwidth fullwidth-box fusion-builder-row-1 fusion-flex-container nonhundred-percent-fullwidth non-hundred-percent-height-scrolling\" style=\"--awb-border-radius-top-left:0px;--awb-border-radius-top-right:0px;--awb-border-radius-bottom-right:0px;--awb-border-radius-bottom-left:0px;--awb-flex-wrap:wrap;\" ><div class=\"fusion-builder-row fusion-row fusion-flex-align-items-flex-start fusion-flex-content-wrap\" style=\"max-width:104%;margin-left: calc(-4% \/ 2 );margin-right: calc(-4% \/ 2 );\"><div class=\"fusion-layout-column fusion_builder_column fusion-builder-column-0 fusion_builder_column_1_1 1_1 fusion-flex-column\" style=\"--awb-bg-size:cover;--awb-width-large:100%;--awb-margin-top-large:0px;--awb-spacing-right-large:1.92%;--awb-margin-bottom-large:0px;--awb-spacing-left-large:1.92%;--awb-width-medium:100%;--awb-spacing-right-medium:1.92%;--awb-spacing-left-medium:1.92%;--awb-width-small:100%;--awb-spacing-right-small:1.92%;--awb-spacing-left-small:1.92%;\"><div class=\"fusion-column-wrapper fusion-flex-justify-content-flex-start fusion-content-layout-column\"><div class=\"fusion-title title fusion-title-1 fusion-title-text fusion-title-size-one\" style=\"--awb-margin-top-small:10px;--awb-margin-right-small:0px;--awb-margin-bottom-small:10px;--awb-margin-left-small:0px;\"><div class=\"title-sep-container title-sep-container-left fusion-no-large-visibility fusion-no-medium-visibility fusion-no-small-visibility\"><div class=\"title-sep sep-double sep-solid\" style=\"border-color:#e2e2e2;\"><\/div><\/div><span class=\"awb-title-spacer fusion-no-large-visibility fusion-no-medium-visibility fusion-no-small-visibility\"><\/span><h1 class=\"fusion-title-heading title-heading-left\" style=\"margin:0;\"><h2 class=\"elementor-heading-title elementor-size-default\" style=\"text-align: center;\">TSplus&#8217;\u00a0Mission<\/h2><\/h1><span class=\"awb-title-spacer\"><\/span><div class=\"title-sep-container title-sep-container-right\"><div class=\"title-sep sep-double sep-solid\" style=\"border-color:#e2e2e2;\"><\/div><\/div><\/div><div class=\"fusion-text fusion-text-1\" style=\"--awb-text-transform:none;\"><section class=\"elementor-section elementor-top-section elementor-element elementor-element-cb64ffe elementor-section-boxed elementor-section-height-default elementor-section-height-default\" data-id=\"cb64ffe\" data-element_type=\"section\">\n<div class=\"elementor-container elementor-column-gap-default\">\n<div class=\"elementor-row\">\n<div class=\"elementor-column elementor-col-100 elementor-top-column elementor-element elementor-element-f18cecb\" data-id=\"f18cecb\" data-element_type=\"column\">\n<div class=\"elementor-column-wrap elementor-element-populated\">\n<div class=\"elementor-widget-wrap\">\n<section class=\"elementor-section elementor-inner-section elementor-element elementor-element-70ecd2d elementor-section-boxed elementor-section-height-default elementor-section-height-default\" data-id=\"70ecd2d\" data-element_type=\"section\">\n<div class=\"elementor-container elementor-column-gap-default\">\n<div class=\"elementor-row\">\n<div class=\"elementor-column elementor-col-100 elementor-inner-column elementor-element elementor-element-b574150\" data-id=\"b574150\" data-element_type=\"column\">\n<div class=\"elementor-column-wrap elementor-element-populated\">\n<div class=\"elementor-widget-wrap\">\n<div class=\"elementor-element elementor-element-69a1852 elementor-widget elementor-widget-text-editor\" data-id=\"69a1852\" data-element_type=\"widget\" data-widget_type=\"text-editor.default\">\n<div class=\"elementor-widget-container\">\n<div class=\"elementor-text-editor elementor-clearfix\">\n<p>In TSplus, ci concentriamo su un unico principio guida: rendere le app e i dati del mondo sicuri e facilmente accessibili. Ovunque. In qualsiasi momento. Su qualsiasi dispositivo o rete.<\/p>\n<p>Crediamo che la nostra tecnologia possa liberare le organizzazioni e aiutarle a spingere i limiti della produttivit\u00e0 e dell&#8217;innovazione, oltre a dare all&#8217;IT la tranquillit\u00e0 che i sistemi critici saranno sempre accessibili e sicuri. Tutto ci\u00f2 che facciamo si concentra sui nostri valori fondamentali: semplicit\u00e0, efficacia, innovazione, sicurezza e accessibilit\u00e0. Dal 2007, giorno dopo giorno, TSplus compie questa missione, costruendo i migliori servizi tecnologici integrati al mondo per l&#8217;accesso remoto sicuro e la consegna delle applicazioni.<\/p>\n<\/div>\n<\/div>\n<\/div>\n<\/div>\n<\/div>\n<\/div>\n<\/div>\n<\/div>\n<\/section>\n<\/div>\n<\/div>\n<\/div>\n<\/div>\n<\/div>\n<\/section>\n<\/div><\/div><\/div><\/div><\/div><div class=\"fusion-fullwidth fullwidth-box fusion-builder-row-2 fusion-flex-container nonhundred-percent-fullwidth non-hundred-percent-height-scrolling\" style=\"--awb-border-radius-top-left:0px;--awb-border-radius-top-right:0px;--awb-border-radius-bottom-right:0px;--awb-border-radius-bottom-left:0px;--awb-flex-wrap:wrap;\" ><div class=\"fusion-builder-row fusion-row fusion-flex-align-items-flex-start fusion-flex-content-wrap\" style=\"max-width:104%;margin-left: calc(-4% \/ 2 );margin-right: calc(-4% \/ 2 );\"><div class=\"fusion-layout-column fusion_builder_column fusion-builder-column-1 fusion_builder_column_1_1 1_1 fusion-flex-column\" style=\"--awb-bg-size:cover;--awb-width-large:100%;--awb-margin-top-large:0px;--awb-spacing-right-large:1.92%;--awb-margin-bottom-large:20px;--awb-spacing-left-large:1.92%;--awb-width-medium:100%;--awb-order-medium:0;--awb-spacing-right-medium:1.92%;--awb-spacing-left-medium:1.92%;--awb-width-small:100%;--awb-order-small:0;--awb-spacing-right-small:1.92%;--awb-spacing-left-small:1.92%;\"><div class=\"fusion-column-wrapper fusion-column-has-shadow fusion-flex-justify-content-flex-start fusion-content-layout-column\"><div class=\"fusion-title title fusion-title-2 fusion-title-text fusion-title-size-three\" style=\"--awb-margin-top-small:10px;--awb-margin-right-small:0px;--awb-margin-bottom-small:10px;--awb-margin-left-small:0px;\"><div class=\"title-sep-container title-sep-container-left fusion-no-large-visibility fusion-no-medium-visibility fusion-no-small-visibility\"><div class=\"title-sep sep-double sep-solid\" style=\"border-color:#e2e2e2;\"><\/div><\/div><span class=\"awb-title-spacer fusion-no-large-visibility fusion-no-medium-visibility fusion-no-small-visibility\"><\/span><h3 class=\"fusion-title-heading title-heading-left\" style=\"margin:0;\"><p style=\"text-align: left;\">TSplus South Europe Partners:<\/p><\/h3><span class=\"awb-title-spacer\"><\/span><div class=\"title-sep-container title-sep-container-right\"><div class=\"title-sep sep-double sep-solid\" style=\"border-color:#e2e2e2;\"><\/div><\/div><\/div>\n<div class=\"table-1\">\n<table width=\"100%\">\n<thead>\n<tr>\n<th align=\"left\">Paese<\/th>\n<th align=\"left\">Partner<\/th>\n<th align=\"left\">Link<\/th>\n<\/tr>\n<\/thead>\n<tbody>\n<tr>\n<td align=\"left\">Croatia<\/td>\n<td align=\"left\">BitNet d.o.o.<\/td>\n<td align=\"left\"><a href=\"http:\/\/www.bitnet.hr\/\" target=\"_blank\" rel=\"noopener\">http:\/\/www.bitnet.hr\/<\/a><\/td>\n<\/tr>\n<tr>\n<td align=\"left\">Greece<\/td>\n<td align=\"left\">OpenInnovations<\/td>\n<td align=\"left\"><a href=\"https:\/\/www.openinnovations.gr\/\" target=\"_blank\" rel=\"noopener\">https:\/\/www.openinnovations.gr\/<\/a><\/td>\n<\/tr>\n<tr>\n<td align=\"left\">Italy<\/td>\n<td align=\"left\">Rainbow Solutions SRL<\/td>\n<td align=\"left\"><a href=\"https:\/\/www.terminalserviceplus.eu\" target=\"_blank\" rel=\"noopener\">https:\/\/www.terminalserviceplus.eu<\/a><\/td>\n<\/tr>\n<tr>\n<td align=\"left\">Portugal<\/td>\n<td align=\"left\">Zoom Informatica<\/td>\n<td align=\"left\"><a href=\"https:\/\/www.tsplus.pt\" target=\"_blank\" rel=\"noopener\">https:\/\/www.tsplus.pt<\/a><\/td>\n<\/tr>\n<tr>\n<td align=\"left\">Spain<\/td>\n<td align=\"left\">Leontic sl<\/td>\n<td align=\"left\"><a href=\"https:\/\/www.terminalserver.com.es\/\">https:\/\/www.terminalserver.com.es\/<\/a><\/td>\n<\/tr>\n<\/tbody>\n<\/table>\n<\/div>\n<div class=\"fusion-title title fusion-title-3 fusion-title-text fusion-title-size-three\" style=\"--awb-margin-top-small:10px;--awb-margin-right-small:0px;--awb-margin-bottom-small:10px;--awb-margin-left-small:0px;\"><div class=\"title-sep-container title-sep-container-left fusion-no-large-visibility fusion-no-medium-visibility fusion-no-small-visibility\"><div class=\"title-sep sep-double sep-solid\" style=\"border-color:#e2e2e2;\"><\/div><\/div><span class=\"awb-title-spacer fusion-no-large-visibility fusion-no-medium-visibility fusion-no-small-visibility\"><\/span><h3 class=\"fusion-title-heading title-heading-left\" style=\"margin:0;\"><div class=\"fusion-title title fusion-title-2 fusion-title-text fusion-title-size-three\">\n<h3 class=\"title-heading-left fusion-responsive-typography-calculated\" style=\"text-align: center;\" data-fontsize=\"32\" data-lineheight=\"41.6px\">TSplus Distributori Mondiali:<\/h3>\n<\/div><\/h3><span class=\"awb-title-spacer\"><\/span><div class=\"title-sep-container title-sep-container-right\"><div class=\"title-sep sep-double sep-solid\" style=\"border-color:#e2e2e2;\"><\/div><\/div><\/div><div class=\"fusion-text fusion-text-2\" style=\"--awb-text-transform:none;\"><div class=\"fusion-text fusion-text-2\">\n<div class=\"elementor-element elementor-element-e92f99 elementor-widget elementor-widget-html\" data-id=\"e92f99\" data-element_type=\"widget\" data-widget_type=\"html.default\">\n<div class=\"elementor-widget-container\">\n<ul>\n<li>TSplus Headquarters <a href=\"https:\/\/www.terminalserviceplus.com\" target=\"_blank\" rel=\"nofollow noopener\">www.terminalserviceplus.com<\/a><\/li>\n<li>TSplus USA\/Canada <a href=\"https:\/\/www.tsplus.net\/?lang=en\">www.tsplus.net<\/a><\/li>\n<li>TSplus Latin America <a href=\"https:\/\/www.tsplus.mx\/?lang=en\" target=\"_blank\" rel=\"nofollow noopener\">www.tsplus.mx<\/a><\/li>\n<li>TSplus Central Europe <a href=\"https:\/\/www.terminalserviceplus.de\" target=\"_blank\" rel=\"nofollow noopener\">www.terminalserviceplus.de<\/a><\/li>\n<li>TSplus South Europe <a href=\"https:\/\/www.terminalserviceplus.eu\" target=\"_blank\" rel=\"nofollow noopener\">www.terminalserviceplus.eu<\/a><\/li>\n<li>TSplus Africa <a href=\"https:\/\/www.tsplus.co.za\">www.tsplus.co.za<\/a><\/li>\n<li>TSplus Eastern Europe <a href=\"https:\/\/www.tsplus.eu\/?lang=en\" target=\"_blank\" rel=\"nofollow noopener\">www.tsplus.eu<\/a><\/li>\n<li>TSplus Middle-East <a href=\"https:\/\/www.tsplus.me\/?lang=en\" target=\"_blank\" rel=\"nofollow noopener\">www.tsplus.me<\/a><\/li>\n<li>TSplus South Asia <a href=\"https:\/\/www.tsplus.net\/india\/?lang=en\" target=\"_blank\" rel=\"nofollow noopener\">www.tsplus.net\/india<\/a><\/li>\n<li>TSplus Asia Pacific <a href=\"https:\/\/www.tsplus.net\/southeast-asia\/?lang=en\" target=\"_blank\" rel=\"nofollow noopener\">www.tsplus.net\/southeast-asia<\/a><\/li>\n<li>TSplus Eastern Asia <a href=\"https:\/\/www.tsplus.net\/eastern-asia\/?lang=en\" target=\"_blank\" rel=\"nofollow noopener\">www.tsplus.net\/eastern-asia<\/a><\/li>\n<\/ul>\n<\/div>\n<\/div>\n<\/div>\n<\/div><\/div><\/div><\/div><\/div><\/p>\n","protected":false},"excerpt":{"rendered":"","protected":false},"author":1,"featured_media":0,"parent":0,"menu_order":0,"comment_status":"closed","ping_status":"closed","template":"","meta":{"_acf_changed":false,"footnotes":""},"class_list":["post-1227","page","type-page","status-publish","hentry"],"acf":[],"_links":{"self":[{"href":"https:\/\/www.terminalserviceplus.eu\/it\/wp-json\/wp\/v2\/pages\/1227","targetHints":{"allow":["GET"]}}],"collection":[{"href":"https:\/\/www.terminalserviceplus.eu\/it\/wp-json\/wp\/v2\/pages"}],"about":[{"href":"https:\/\/www.terminalserviceplus.eu\/it\/wp-json\/wp\/v2\/types\/page"}],"author":[{"embeddable":true,"href":"https:\/\/www.terminalserviceplus.eu\/it\/wp-json\/wp\/v2\/users\/1"}],"replies":[{"embeddable":true,"href":"https:\/\/www.terminalserviceplus.eu\/it\/wp-json\/wp\/v2\/comments?post=1227"}],"version-history":[{"count":8,"href":"https:\/\/www.terminalserviceplus.eu\/it\/wp-json\/wp\/v2\/pages\/1227\/revisions"}],"predecessor-version":[{"id":37460,"href":"https:\/\/www.terminalserviceplus.eu\/it\/wp-json\/wp\/v2\/pages\/1227\/revisions\/37460"}],"wp:attachment":[{"href":"https:\/\/www.terminalserviceplus.eu\/it\/wp-json\/wp\/v2\/media?parent=1227"}],"curies":[{"name":"wp","href":"https:\/\/api.w.org\/{rel}","templated":true}]}}