{"id":69355,"date":"2026-03-03T13:46:31","date_gmt":"2026-03-03T13:46:31","guid":{"rendered":"https:\/\/www.terminalserviceplus.eu\/politica-di-rimborso-e-restituzione\/"},"modified":"2026-03-03T13:46:31","modified_gmt":"2026-03-03T13:46:31","slug":"politica-di-rimborso-e-restituzione","status":"publish","type":"page","link":"https:\/\/www.terminalserviceplus.eu\/it\/politica-di-rimborso-e-restituzione\/","title":{"rendered":"Politica di rimborso e restituzione"},"content":{"rendered":"<div class=\"page-wrapper virtual-printer\" data-astro-cid-4nfplkdb=\"\">\n<div class=\" w-richtext\" data-astro-cid-4nfplkdb=\"\">\n<h1 data-astro-cid-4nfplkdb=\"\">Contratto di licenza del software TSplus<\/h1>\n<p data-astro-cid-4nfplkdb=\"\">Leggi i seguenti termini e condizioni prima di utilizzare il software scaricato da TSplus. L&#8217;utilizzo del software, se scaricato, implica l&#8217;accettazione di questi termini e condizioni e la consapevolezza che saranno legalmente vincolanti per te e per Terminal Service Plus. Se non sei d&#8217;accordo con questi termini e condizioni o non vuoi che siano vincolanti per te, devi cancellare il software scaricato da qualsiasi supporto di memorizzazione su cui \u00e8 memorizzato.  <\/p>\n<h2 data-astro-cid-4nfplkdb=\"\">Propriet\u00e0<\/h2>\n<p data-astro-cid-4nfplkdb=\"\">L&#8217;utente riconosce e accetta che Terminal Service Plus (&#8220;licenziante&#8221;) \u00e8 il proprietario di tutti i diritti, titoli e interessi relativi al software TSplus scaricato e ai programmi informatici in esso contenuti in forma di codice oggetto leggibile dalla macchina, nonch\u00e9 alla documentazione per l&#8217;utente che lo accompagna e a tutte le copie successive, indipendentemente dal supporto o dalla forma in cui possono esistere (collettivamente il &#8220;software&#8221;). Il software \u00e8 protetto dalle leggi sul diritto d&#8217;autore e dalle disposizioni dei trattati internazionali e il presente contratto di licenza non conferisce all&#8217;utente alcun interesse sul software, sul contenuto digitale o sui materiali stampati che lo accompagnano, ma solo un diritto limitato di utilizzo e di riproduzione che \u00e8 revocabile in conformit\u00e0 ai termini del presente contratto di licenza. <\/p>\n<h2 data-astro-cid-4nfplkdb=\"\">Licenza Concessione di licenza<\/h2>\n<p data-astro-cid-4nfplkdb=\"\">Il Licenziante concede, e l&#8217;utente accetta, una licenza non esclusiva per l&#8217;utilizzo del software in conformit\u00e0 ai termini del presente contratto.<\/p>\n<h2 data-astro-cid-4nfplkdb=\"\">Desktop remoto\/Assistenza remota<\/h2>\n<p data-astro-cid-4nfplkdb=\"\">Il Software include tecnologie di accesso remoto e di assistenza remota che consentono alle applicazioni e agli ambienti desktop ospitati su un server TSplus Remote Access (il &#8220;Dispositivo Host&#8221;) di accedere in remoto da altri dispositivi.<\/p>\n<p data-astro-cid-4nfplkdb=\"\">L&#8217;uso del Software \u00e8 autorizzato per un numero di licenze utente concorrenti corrispondente alla quantit\u00e0 acquistata dal Licenziatario. Ciascuna licenza d&#8217;uso simultaneo consente una connessione utente attiva alla volta e non \u00e8 legata ad alcun individuo o dispositivo specifico. Il Licenziatario dovr\u00e0 assicurarsi che il numero totale di sessioni utente simultanee non superi il numero di licenze utente simultanee acquistate. Ulteriori connessioni utente simultanee richiedono l&#8217;acquisto di ulteriori licenze utente simultanee.   <\/p>\n<p data-astro-cid-4nfplkdb=\"\">Quando utilizza la funzionalit\u00e0 di assistenza remota del Software (o qualsiasi altra funzionalit\u00e0 analoga destinata all&#8217;assistenza tecnica o a scopi collaborativi), un utente pu\u00f2 condividere temporaneamente una sessione attiva con un&#8217;altra persona senza dover richiedere una licenza aggiuntiva per utente concorrente, a condizione che tale attivit\u00e0 rimanga accessoria, temporanea e nell&#8217;ambito dell&#8217;uso autorizzato del Software da parte del Licenziatario.<\/p>\n<p data-astro-cid-4nfplkdb=\"\">L&#8217;uso di qualsiasi software o applicazione di terze parti a cui si accede attraverso TSplus Remote Access \u00e8 soggetto ai contratti di licenza applicabili a tali prodotti. Il Licenziatario \u00e8 l&#8217;unico responsabile di garantire che tale utilizzo sia conforme ai termini di licenza pertinenti. <\/p>\n<h2 data-astro-cid-4nfplkdb=\"\">Riserva di diritti<\/h2>\n<p data-astro-cid-4nfplkdb=\"\">Tutti i diritti non espressamente concessi all&#8217;utente dal presente contratto di licenza sono riservati dal licenziante.<\/p>\n<h2 data-astro-cid-4nfplkdb=\"\">Demo<\/h2>\n<p data-astro-cid-4nfplkdb=\"\">La versione demo del software pu\u00f2 essere utilizzata solo per scopi di valutazione o per uso non commerciale. In caso di uso commerciale, dovrai acquistare una licenza della versione normale del software TSplus. <\/p>\n<h2 data-astro-cid-4nfplkdb=\"\">Nessun smontaggio<\/h2>\n<p data-astro-cid-4nfplkdb=\"\">Resta inteso e concordato che l&#8217;utente non potr\u00e0 copiare il programma in alcuna forma leggibile a macchina o stampata, se non per scopi di archiviazione o di backup in conformit\u00e0 con i termini del presente contratto, n\u00e9 potr\u00e0 decodificare, decompilare, disassemblare, tradurre, unire in un altro programma informatico, oscurare o rimuovere le note di copyright del licenziante o modificare in altro modo il software.<\/p>\n<h2 data-astro-cid-4nfplkdb=\"\">Trasferimento di software<\/h2>\n<p data-astro-cid-4nfplkdb=\"\">L&#8217;utente non potr\u00e0 concedere in sublicenza, assegnare o trasferire la licenza o il software o qualsiasi diritto previsto dal presente contratto senza il previo consenso scritto del licenziante. Qualsiasi tentativo di sublicenziare, cedere o trasferire qualsiasi diritto, dovere o obbligo previsto dal presente contratto \u00e8 nullo. <\/p>\n<h2 data-astro-cid-4nfplkdb=\"\">Reinstallazione della licenza<\/h2>\n<p data-astro-cid-4nfplkdb=\"\">Se hai bisogno di reinstallare la tua licenza su un nuovo server, \u00e8 possibile effettuare un rehost con un abbonamento attivo ai nostri servizi di assistenza e aggiornamento annuali. Gli abbonamenti ai servizi di assistenza e aggiornamento possono essere gestiti dal portale delle licenze. Se hai bisogno di assistenza, contatta i nostri team di supporto o di vendita.  <\/p>\n<h2 data-astro-cid-4nfplkdb=\"\">Aggiornamenti e nuove versioni<\/h2>\n<p data-astro-cid-4nfplkdb=\"\">Nel caso in cui vengano sviluppati aggiornamenti o nuove versioni del software, il licenziante potr\u00e0, a sua discrezione, mettere a disposizione dell&#8217;utente tali aggiornamenti e nuove versioni previo pagamento di eventuali tariffe. Se il software viene aggiornato e reso disponibile all&#8217;utente, quest&#8217;ultimo potr\u00e0 utilizzare l&#8217;aggiornamento del software in conformit\u00e0 ai termini e alle condizioni del presente contratto di licenza. <\/p>\n<h2 data-astro-cid-4nfplkdb=\"\">Disattivazione del software e deprezzamento del prodotto<\/h2>\n<p data-astro-cid-4nfplkdb=\"\">TSplus si riserva il diritto di disattivare, disabilitare o interrompere qualsiasi versione del Software in qualsiasi momento, in tutto o in parte, per ragioni che includono, ma non si limitano a, deprezzamento del prodotto, problemi di sicurezza, frode, pirateria, uso improprio o altre circostanze ritenute necessarie da TSplus per proteggere la sua propriet\u00e0 intellettuale o garantire l&#8217;integrit\u00e0 del software.<\/p>\n<p data-astro-cid-4nfplkdb=\"\">Nel caso in cui un prodotto o una versione del Software venga dismessa, TSplus si impegna a fornire ai legittimi titolari di licenza un percorso ragionevole e supportato per aggiornare o migrare alla versione corrente e attivamente supportata del Software. Tali aggiornamenti o migrazioni possono essere soggetti a tariffe o abbonamenti di supporto applicabili in conformit\u00e0 alle politiche di TSplus al momento della transizione. <\/p>\n<p data-astro-cid-4nfplkdb=\"\">Nulla di quanto contenuto in questa sezione deve essere interpretato come un obbligo per TSplus di continuare a supportare una specifica versione del Software a tempo indeterminato.<\/p>\n<h2 data-astro-cid-4nfplkdb=\"\">Termini e risoluzione<\/h2>\n<p data-astro-cid-4nfplkdb=\"\">Il presente contratto di licenza entra in vigore al momento dell&#8217;apertura del pacchetto software, o del suo utilizzo iniziale se scaricato, e rimarr\u00e0 in vigore per un periodo di dieci (10) anni, a meno che non venga rescisso prima in conformit\u00e0 con i termini del presente documento. L&#8217;utente pu\u00f2 risolvere il presente contratto di licenza in qualsiasi momento disinstallando il software e restituendo al licenziante il software e tutte le copie e gli estratti dello stesso. <\/p>\n<h2 data-astro-cid-4nfplkdb=\"\">Uso multiplo<\/h2>\n<p data-astro-cid-4nfplkdb=\"\">Non puoi utilizzare il software su due o pi\u00f9 computer contemporaneamente. Per ogni computer su cui installerai il software, dovrai acquistare una licenza separata. La licenza \u00e8 vincolata al computer su cui \u00e8 installato il software. Se acquisti un nuovo computer, devi disinstallare il software dal computer precedente prima di utilizzarlo sul nuovo computer.   <\/p>\n<h2 data-astro-cid-4nfplkdb=\"\">Noleggio di software<\/h2>\n<p data-astro-cid-4nfplkdb=\"\">Puoi utilizzare il software sui sistemi affittati ai tuoi clienti. Tuttavia, questo non cambia la regola dell&#8217;uso multiplo: per ogni computer (noleggiato) su cui installerai il software, dovrai acquistare una licenza separata.<\/p>\n<h2 data-astro-cid-4nfplkdb=\"\">Media multipli<\/h2>\n<p data-astro-cid-4nfplkdb=\"\">Potresti ricevere il software su pi\u00f9 di un supporto di memorizzazione. Puoi utilizzare un solo supporto su un solo computer. L&#8217;utente non pu\u00f2 utilizzare, copiare, trasmettere, affittare, vendere, cedere o trasferire in altro modo l&#8217;altro supporto a un altro utente o a un altro computer.<\/p>\n<h2 data-astro-cid-4nfplkdb=\"\">Cos\u00ec com&#8217;\u00e8<\/h2>\n<p data-astro-cid-4nfplkdb=\"\">Il programma viene fornito &#8220;cos\u00ec com&#8217;\u00e8&#8221; senza alcun tipo di garanzia, esplicita o implicita, incluse, ma non solo, le garanzie implicite di commerciabilit\u00e0 e idoneit\u00e0 a uno scopo particolare. Il Licenziante non garantisce che le funzioni contenute nel software soddisfino i requisiti dell&#8217;utente o che il funzionamento del software sia ininterrotto o privo di errori. Alcuni paesi non consentono l&#8217;esclusione di garanzie implicite, pertanto l&#8217;esclusione di cui sopra potrebbe non essere applicabile. Questa garanzia ti conferisce specifici diritti legali e potresti avere anche altri diritti che variano da paese a paese.<\/p>\n<h2 data-astro-cid-4nfplkdb=\"\">Nessun uso illegale o proibito<\/h2>\n<p data-astro-cid-4nfplkdb=\"\">Come condizione per l&#8217;utilizzo del software, l&#8217;utente non utilizzer\u00e0 il software per scopi illegali o proibiti da questi termini, condizioni e avvisi. L&#8217;utente non pu\u00f2 utilizzare il software in alcun modo che costituisca una violazione delle leggi vigenti.<\/p>\n<h2 data-astro-cid-4nfplkdb=\"\">Limitazioni di responsabilit\u00e0<\/h2>\n<p data-astro-cid-4nfplkdb=\"\">In nessun caso il licenziante sar\u00e0 responsabile di eventuali danni, inclusi, a titolo esemplificativo e non esaustivo, perdita di profitti, perdita di risparmi o altri danni speciali, incidentali o consequenziali derivanti dall&#8217;uso o dall&#8217;impossibilit\u00e0 di utilizzare il software, anche se il licenziante o il suo rivenditore autorizzato sono stati avvisati della possibilit\u00e0 di tali danni, o per qualsiasi rivendicazione da parte di terzi. In ogni caso, la responsabilit\u00e0 cumulativa del licenziante nei confronti dell&#8217;utente o di qualsiasi altra terza parte per qualsiasi perdita o danno derivante da reclami, richieste o azioni derivanti da o relative al presente contratto non superer\u00e0 il canone di licenza pagato dall&#8217;utente al licenziante per la licenza e l&#8217;uso di questo software.<\/p>\n<h2 data-astro-cid-4nfplkdb=\"\">Accordo<\/h2>\n<p data-astro-cid-4nfplkdb=\"\">Il presente contratto costituisce l&#8217;intera intesa tra le parti in merito alla licenza del software e revoca e sostituisce tutti gli accordi precedenti, orali o scritti, tra il licenziante e l&#8217;utente, ed \u00e8 da intendersi come espressione finale dell&#8217;accordo. Non potr\u00e0 essere modificato o emendato se non con una scrittura firmata da un dipendente rappresentativo del licenziante e con specifico riferimento al presente contratto. Il presente accordo avr\u00e0 la precedenza su qualsiasi altro documento che possa essere in conflitto con esso. L&#8217;utente dichiara di aver letto i termini e le condizioni di licenza del programma software, di averli compresi e di accettare di esserne vincolato.<\/p>\n<\/div>\n<\/div>\n","protected":false},"excerpt":{"rendered":"<p>Contratto di licenza del software TSplus Leggi i seguenti termini  [&#8230;]<\/p>\n","protected":false},"author":1,"featured_media":0,"parent":0,"menu_order":0,"comment_status":"closed","ping_status":"closed","template":"","meta":{"_acf_changed":false,"footnotes":""},"class_list":["post-69355","page","type-page","status-publish","hentry"],"acf":[],"_links":{"self":[{"href":"https:\/\/www.terminalserviceplus.eu\/it\/wp-json\/wp\/v2\/pages\/69355","targetHints":{"allow":["GET"]}}],"collection":[{"href":"https:\/\/www.terminalserviceplus.eu\/it\/wp-json\/wp\/v2\/pages"}],"about":[{"href":"https:\/\/www.terminalserviceplus.eu\/it\/wp-json\/wp\/v2\/types\/page"}],"author":[{"embeddable":true,"href":"https:\/\/www.terminalserviceplus.eu\/it\/wp-json\/wp\/v2\/users\/1"}],"replies":[{"embeddable":true,"href":"https:\/\/www.terminalserviceplus.eu\/it\/wp-json\/wp\/v2\/comments?post=69355"}],"version-history":[{"count":0,"href":"https:\/\/www.terminalserviceplus.eu\/it\/wp-json\/wp\/v2\/pages\/69355\/revisions"}],"wp:attachment":[{"href":"https:\/\/www.terminalserviceplus.eu\/it\/wp-json\/wp\/v2\/media?parent=69355"}],"curies":[{"name":"wp","href":"https:\/\/api.w.org\/{rel}","templated":true}]}}