{"id":34818,"date":"2022-01-11T08:44:04","date_gmt":"2022-03-09T07:52:51","guid":{"rendered":"https:\/\/www.terminalserviceplus.eu\/product\/remotesupport\/"},"modified":"2026-03-19T10:18:37","modified_gmt":"2026-03-19T10:18:37","slug":"remotesupport-2","status":"publish","type":"product","link":"https:\/\/www.terminalserviceplus.eu\/pt-pt\/shop\/remote-support-pt\/remotesupport-2\/","title":{"rendered":"TSplus Remote Support"},"content":{"rendered":"<p>A melhor alternativa ao TeamViewer para controlo do ambiente de trabalho remoto e partilha de ecr\u00e3. Fornece assist\u00eancia remota instant\u00e2nea assistida ou n\u00e3o assistida \u00e0s suas equipas ou clientes em qualquer lugar, a qualquer momento.<\/p>\n","protected":false},"excerpt":{"rendered":"<p>Os agentes e os utilizadores finais podem come\u00e7ar rapidamente, bastando descarregar e executar um pequeno programa. O utilizador final partilha ent\u00e3o a sua ID e palavra-passe com o agente e a liga\u00e7\u00e3o \u00e9 rapidamente estabelecida.<br \/>\nTodo o trabalho pesado \u00e9 feito pelos nossos servidores.<br \/>\nOs agentes de suporte podem at\u00e9 criar uma vers\u00e3o simplificada e com marca do programa de cliente de liga\u00e7\u00e3o para os seus clientes. Al\u00e9m de adicionar a sua pr\u00f3pria marca corporativa, o cliente de liga\u00e7\u00e3o do utilizador final pode ser simplificado, tornando mais f\u00e1cil para os utilizadores finais receberem suporte rapidamente.<\/p>\n","protected":false},"featured_media":853,"template":"","meta":{"_acf_changed":false},"product_brand":[],"product_cat":[75],"product_tag":[],"class_list":{"0":"post-34818","1":"product","2":"type-product","3":"status-publish","4":"has-post-thumbnail","6":"product_cat-remote-support-pt","8":"first","9":"instock","10":"taxable","11":"shipping-taxable","12":"purchasable","13":"product-type-simple"},"acf":[],"_links":{"self":[{"href":"https:\/\/www.terminalserviceplus.eu\/pt-pt\/wp-json\/wp\/v2\/product\/34818","targetHints":{"allow":["GET"]}}],"collection":[{"href":"https:\/\/www.terminalserviceplus.eu\/pt-pt\/wp-json\/wp\/v2\/product"}],"about":[{"href":"https:\/\/www.terminalserviceplus.eu\/pt-pt\/wp-json\/wp\/v2\/types\/product"}],"wp:featuredmedia":[{"embeddable":true,"href":"https:\/\/www.terminalserviceplus.eu\/pt-pt\/wp-json\/wp\/v2\/media\/853"}],"wp:attachment":[{"href":"https:\/\/www.terminalserviceplus.eu\/pt-pt\/wp-json\/wp\/v2\/media?parent=34818"}],"wp:term":[{"taxonomy":"product_brand","embeddable":true,"href":"https:\/\/www.terminalserviceplus.eu\/pt-pt\/wp-json\/wp\/v2\/product_brand?post=34818"},{"taxonomy":"product_cat","embeddable":true,"href":"https:\/\/www.terminalserviceplus.eu\/pt-pt\/wp-json\/wp\/v2\/product_cat?post=34818"},{"taxonomy":"product_tag","embeddable":true,"href":"https:\/\/www.terminalserviceplus.eu\/pt-pt\/wp-json\/wp\/v2\/product_tag?post=34818"}],"curies":[{"name":"wp","href":"https:\/\/api.w.org\/{rel}","templated":true}]}}